{"id":334,"date":"2024-12-16T05:46:52","date_gmt":"2024-12-16T05:46:52","guid":{"rendered":"https:\/\/christian-leeb.at\/?page_id=334"},"modified":"2025-09-02T18:29:20","modified_gmt":"2025-09-02T18:29:20","slug":"impressum","status":"publish","type":"page","link":"https:\/\/christian-leeb.at\/?page_id=334","title":{"rendered":"Impressum"},"content":{"rendered":"[et_pb_section admin_label=&#8220;section&#8220;]\n\t\t\t[et_pb_row admin_label=&#8220;row&#8220;]\n\t\t\t\t[et_pb_column type=&#8220;4_4&#8243;][et_pb_text admin_label=&#8220;Text&#8220;]\n\n\n\n\n\n<p><\/p>\n\n\n\n<strong>Impressum:<\/strong><br><strong>Herausgeber &#038; Betreiber der Webseite:<\/strong><br>\u00d6VP T\u00fcrnitz, GPO Christian Leeb, 3184 T\u00fcrnitz, Schwarzenbachstra\u00dfe 1<br>Webseite: <a href=\"http:\/\/www.christian-leeb.at\">www.christian-leeb.at<\/a><br><br><br><br><br><strong>Inhaltliche Verantwortung:<\/strong><br>\u00d6VP T\u00fcrnitz, GPO Christian Leeb, 3184 T\u00fcrnitz, Schwarzenbachstra\u00dfe 1<br><br><br><br><br><strong>Grundlegende Richtung der Webseite:<\/strong><br>Die Webseite der \u00d6VP T\u00fcrnitz informiert \u00fcber aktuelle Themen, Aktivit\u00e4ten und Veranstaltungen der Volkspartei T\u00fcrnitz und dient der politischen Kommunikation.<br><br><br><br><br><strong>Bildnachweise:<\/strong><br>Fotos und Bilder auf der Webseite wurden zur Ver\u00f6ffentlichung zur Verf\u00fcgung gestellt.<br><br><br><br><br><strong>Urheberrecht:<\/strong><br>S\u00e4mtliche Inhalte dieser Webseite sind urheberrechtlich gesch\u00fctzt. Die Vervielf\u00e4ltigung, Bearbeitung, Verbreitung oder jede Art der Nutzung bedarf der schriftlichen Zustimmung der \u00d6VP T\u00fcrnitz.<br><br><br><br><br><strong>Haftungsausschluss:<\/strong><br>Trotz sorgf\u00e4ltiger Kontrolle \u00fcbernehmen wir keine Haftung f\u00fcr Inhalte externer Links. F\u00fcr den Inhalt der verlinkten Seiten sind ausschlie\u00dflich deren Betreiber verantwortlich.<br>\n\n\n\nI<strong>nformationspflicht lt. \u00a75 E-Commerce Gesetz, \u00a714 Unternehmensgesetzbuch bzw. \u00a763 Gewerbeordnung und Offenlegungspflicht lt. \u00a725 Mediengesetz<br>\u00a0<\/strong><br><strong>Datenschutzhinweis<\/strong><br>Unser Umgang mit Ihren Daten und Ihre Rechte gem\u00e4\u00df der europ\u00e4ischen Datenschutzgrundverordnung (DSGVO)<br>Stand: 08\/2021<br>\u00a0<br>\u00a0<br>Allgemein<br>\u00a0<br>Der Schutz Ihrer pers\u00f6nlichen Daten ist uns ein besonderes Anliegen. Wir verarbeiten Ihre Daten daher ausschlie\u00dflich auf Grundlage der gesetzlichen Bestimmungen (DSGVO, TKG 2003). In diesen Datenschutzinformationen informieren wir Sie \u00fcber die wichtigsten Aspekte der Datenverarbeitung im Rahmen unserer Website.<br>Kontakt mit uns<br>\u00a0<br>Wenn Sie per Formular auf der Website oder per E-Mail Kontakt mit uns aufnehmen, werden Ihre angegebenen Daten zwecks Bearbeitung der Anfrage und f\u00fcr den Fall von Anschlussfragen sechs Monate bei uns gespeichert. Diese Daten geben wir nicht ohne Ihre Einwilligung weiter.<br>Cookies<br>\u00a0<br>Unsere Website verwendet so genannte Cookies. Dabei handelt es sich um kleine Textdateien, die mit Hilfe des Browsers auf Ihrem Endger\u00e4t abgelegt werden. Sie richten keinen Schaden an.<br>\u00a0<br>Wir nutzen Cookies dazu, unser Angebot nutzerfreundlich zu gestalten. Einige Cookies bleiben auf Ihrem Endger\u00e4t gespeichert, bis Sie diese l\u00f6schen. Sie erm\u00f6glichen es uns, Ihren Browser beim n\u00e4chsten Besuch wiederzuerkennen.<br>\u00a0<br>Wenn Sie dies nicht w\u00fcnschen, so k\u00f6nnen Sie Ihren Browser so einrichten, dass er Sie \u00fcber das Setzen von Cookies informiert und Sie dies nur im Einzelfall erlauben.<br>\u00a0<br>Bei der Deaktivierung von Cookies kann die Funktionalit\u00e4t unserer Website eingeschr\u00e4nkt sein.<br>\u00a0<br>Andere Webseiten<br>\u00a0<br>Es ist zu beachten, dass die gegenst\u00e4ndlichen Datenschutzrichtlinien nicht mehr gelten, wenn www.christian-leeb.at \u00fcber einen Link verlassen wird und eine andere Website aufgerufen wird. Das gilt insbesondere auch f\u00fcr solche Websites, zu denen ein Link auf www.christian-leeb.at vorhanden ist.<br>Facebook<br>\u00a0<br>Auf unseren Seiten sind Plugins des sozialen Netzwerks Facebook, Anbieter Facebook Inc., 1 Hacker Way, Menlo Park, California 94025, USA, integriert. Die Facebook-Plugins erkennen Sie an dem Facebook-Logo auf unserer Seite. Eine \u00dcbersicht \u00fcber die Facebook-Plugins finden Sie hier: http:\/\/developers.facebook.com\/docs\/plugins\/. Wenn Sie unsere Website besuchen, wird \u00fcber das Plugin eine direkte Verbindung zwischen Ihrem Browser und dem Facebook-Server hergestellt. Facebook erh\u00e4lt dadurch die Information, dass Sie mit Ihrer IP-Adresse unsere Seite besucht haben.<br>\u00a0<br>Wenn Sie den Facebook \u201eLike-Button\u201c anklicken w\u00e4hrend Sie in Ihrem Facebook-Account eingeloggt sind, k\u00f6nnen Sie die Inhalte unserer Seiten auf Ihrem Facebook-Profil verlinken. Dadurch kann Facebook den Besuch unserer Seiten Ihrem Benutzerkonto zuordnen. Wir weisen darauf hin, dass wir als Anbieter der Seite keine Kenntnis vom Inhalt der \u00fcbermittelten Daten sowie deren Nutzung durch Facebook erhalten. Bitte entnehmen Sie den Zweck und Umfang der Datenerhebung und die weitere Verarbeitung und Nutzung der Daten durch Facebook sowie Ihre diesbez\u00fcglichen Rechte und Einstellungsm\u00f6glichkeiten zum Schutz Ihrer Privatsph\u00e4re den Datenschutzhinweisen von Facebook: http:\/\/www.facebook.com\/policy.php.<br>\u00a0<br>Sollten Sie nicht w\u00fcnschen, dass Facebook den Besuch unserer Seiten Ihrem Facebook- Nutzerkonto zuordnen kann, loggen Sie sich bitte vor dem Besuch unserer Seiten aus Ihrem Facebook-Benutzerkonto aus. Alternativ k\u00f6nnen Sie das Laden der Facebook Plugins auch mit Add-Ons f\u00fcr Ihren Browser komplett verhindern, z.B. mit dem \u201eFacebook Blocker\u201c (<a href=\"http:\/\/webgraph.com\/resources\/facebookblocker\/\">http:\/\/webgraph.com\/resources\/facebookblocker\/<\/a>).<br>\u00a0<br>\u00a0<br>Speicherdauer \/ Fristen von L\u00f6schungen Ihrer Daten<br>\u00a0<br>Wir speichern Ihre Daten bis zu jenem Zeitpunkt, bis ein L\u00f6schungsverlangen bei uns einlangt. Ausgenommen davon sind Daten, die aus einem Vertragsverh\u00e4ltnis stammen, diese werden gem\u00e4\u00df den gesetzlichen Vorgaben (\u00a7132(1) BAO, \u00a7\u00a7190, 212 UGB, \u00a718(2) UStG) bis zum Ablauf des 7. Jahres nach ihrer Entstehung gespeichert.<br>Rechte<br>\u00a0<br>Ihnen stehen grunds\u00e4tzlich die Rechte auf Auskunft, Berichtigung, L\u00f6schung, Einschr\u00e4nkung, Daten\u00fcbertragbarkeit, Widerruf und Widerspruch zu. Wenn Sie glauben, dass die Verarbeitung Ihrer Daten gegen das Datenschutzrecht verst\u00f6\u00dft oder Ihre datenschutzrechtlichen Anspr\u00fcche sonst in einer Weise verletzt worden sind, k\u00f6nnen Sie sich bei der Aufsichtsbeh\u00f6rde beschweren. In \u00d6sterreich ist dies die Datenschutzbeh\u00f6rde.<br>Datenschutzbeauftragter \/ Kontakt<br>\u00a0<br>Die VP T\u00fcrnitz, Christian Leeb ist nicht in der Notwendigkeit einen Datenschutzbeauftragten zu benennen, da der Artikel 37, Absatz 1 der EU-DSGVO nichtzutreffend ist.<br>\u00a0<br>Um dennoch Ihr Recht auf Auskunft, Berichtigung, L\u00f6schung, Einschr\u00e4nkung, Daten\u00fcbertragbarkeit, Widerruf und Widerspruch wahrnehmen zu k\u00f6nnen, kontaktieren Sie uns unter der im Impessum angegebenen Adresse.<br>Datenschutzhinweis Version 2021\/09<br>\n\n\n\n\n\n[\/et_pb_text][\/et_pb_column]\n\t\t\t[\/et_pb_row]\n\t\t[\/et_pb_section]","protected":false},"excerpt":{"rendered":"<p>[et_pb_section admin_label=&#8220;section&#8220;] [et_pb_row admin_label=&#8220;row&#8220;] [et_pb_column type=&#8220;4_4&#8243;][et_pb_text admin_label=&#8220;Text&#8220;][\/et_pb_text][\/et_pb_column] [\/et_pb_row] [\/et_pb_section]<\/p>\n","protected":false},"author":1,"featured_media":0,"parent":0,"menu_order":0,"comment_status":"closed","ping_status":"closed","template":"","meta":{"_et_pb_use_builder":"on","_et_pb_old_content":"<!-- wp:kubio\/section {\"kubio\":{\"styleRef\":\"DvzGVy5rTz\",\"hash\":\"C0CIIIaYWY\"},\"attrs\":{\"name\":\"Abschnitt\"},\"anchor\":\"abschnitt\"} -->\n<!-- wp:kubio\/row {\"kubio\":{\"styleRef\":\"GUULhOR1r\",\"props\":{\"layout\":{\"itemsPerRow\":1,\"custom\":[{\"type\":\"custom\",\"custom\":{\"value\":100,\"unit\":\"%\"}}],\"equalHeight\":true,\"equalWidth\":false}},\"hash\":\"2oyqowEtyb\"}} -->\n<!-- wp:kubio\/column {\"kubio\":{\"styleRef\":\"sMRfntjAQM\",\"_style\":{\"descendants\":{\"container\":{\"columnWidth\":{\"type\":\"custom\",\"custom\":{\"value\":100,\"unit\":\"%\"}}}}},\"hash\":\"_r0f_fhYpi\"}} -->\n<!-- wp:kubio\/row {\"kubio\":{\"props\":{\"layout\":{\"equalHeight\":true,\"equalWidth\":false}},\"styleRef\":\"4spChc2-08\",\"hash\":\"ZG38mEEZS3\"}} -->\n<!-- wp:kubio\/column {\"kubio\":{\"_style\":{\"descendants\":{\"container\":{\"columnWidth\":{\"type\":\"custom\",\"custom\":{\"value\":50,\"unit\":\"%\"}},\"media\":{\"mobile\":{\"columnWidth\":{\"type\":\"custom\",\"custom\":{\"value\":100,\"unit\":\"%\"}}}}}}},\"styleRef\":\"WgVe3YEvT8\",\"hash\":\"LEeEji2sih\"}} -->\n<!-- wp:paragraph -->\n<p><\/p>\n<!-- \/wp:paragraph -->\n\n<!-- wp:kubio\/text {\"kubio\":{\"styleRef\":\"_6zUdg4FJS\",\"hash\":\"kxp-WxOzt\"}} -->\n<strong>Impressum:<\/strong><br><strong>Herausgeber & Betreiber der Webseite:<\/strong><br>\u00d6VP T\u00fcrnitz, GPO Christian Leeb, 3184 T\u00fcrnitz, Schwarzenbachstra\u00dfe 1<br>Webseite: <a href=\"http:\/\/www.christian-leeb.at\">www.christian-leeb.at<\/a><br><br><br><br><br><strong>Inhaltliche Verantwortung:<\/strong><br>\u00d6VP T\u00fcrnitz, GPO Christian Leeb, 3184 T\u00fcrnitz, Schwarzenbachstra\u00dfe 1<br><br><br><br><br><strong>Grundlegende Richtung der Webseite:<\/strong><br>Die Webseite der \u00d6VP T\u00fcrnitz informiert \u00fcber aktuelle Themen, Aktivit\u00e4ten und Veranstaltungen der Volkspartei T\u00fcrnitz und dient der politischen Kommunikation.<br><br><br><br><br><strong>Bildnachweise:<\/strong><br>Fotos und Bilder auf der Webseite wurden zur Ver\u00f6ffentlichung zur Verf\u00fcgung gestellt.<br><br><br><br><br><strong>Urheberrecht:<\/strong><br>S\u00e4mtliche Inhalte dieser Webseite sind urheberrechtlich gesch\u00fctzt. Die Vervielf\u00e4ltigung, Bearbeitung, Verbreitung oder jede Art der Nutzung bedarf der schriftlichen Zustimmung der \u00d6VP T\u00fcrnitz.<br><br><br><br><br><strong>Haftungsausschluss:<\/strong><br>Trotz sorgf\u00e4ltiger Kontrolle \u00fcbernehmen wir keine Haftung f\u00fcr Inhalte externer Links. F\u00fcr den Inhalt der verlinkten Seiten sind ausschlie\u00dflich deren Betreiber verantwortlich.<br>\n<!-- \/wp:kubio\/text -->\n\n<!-- wp:kubio\/text {\"kubio\":{\"styleRef\":\"_6zUdg4FJS\",\"hash\":\"bmr9rplN-\"}} -->\nI<strong>nformationspflicht lt. \u00a75 E-Commerce Gesetz, \u00a714 Unternehmensgesetzbuch bzw. \u00a763 Gewerbeordnung und Offenlegungspflicht lt. \u00a725 Mediengesetz<br>\u00a0<\/strong><br><strong>Datenschutzhinweis<\/strong><br>Unser Umgang mit Ihren Daten und Ihre Rechte gem\u00e4\u00df der europ\u00e4ischen Datenschutzgrundverordnung (DSGVO)<br>Stand: 08\/2021<br>\u00a0<br>\u00a0<br>Allgemein<br>\u00a0<br>Der Schutz Ihrer pers\u00f6nlichen Daten ist uns ein besonderes Anliegen. Wir verarbeiten Ihre Daten daher ausschlie\u00dflich auf Grundlage der gesetzlichen Bestimmungen (DSGVO, TKG 2003). In diesen Datenschutzinformationen informieren wir Sie \u00fcber die wichtigsten Aspekte der Datenverarbeitung im Rahmen unserer Website.<br>Kontakt mit uns<br>\u00a0<br>Wenn Sie per Formular auf der Website oder per E-Mail Kontakt mit uns aufnehmen, werden Ihre angegebenen Daten zwecks Bearbeitung der Anfrage und f\u00fcr den Fall von Anschlussfragen sechs Monate bei uns gespeichert. Diese Daten geben wir nicht ohne Ihre Einwilligung weiter.<br>Cookies<br>\u00a0<br>Unsere Website verwendet so genannte Cookies. Dabei handelt es sich um kleine Textdateien, die mit Hilfe des Browsers auf Ihrem Endger\u00e4t abgelegt werden. Sie richten keinen Schaden an.<br>\u00a0<br>Wir nutzen Cookies dazu, unser Angebot nutzerfreundlich zu gestalten. Einige Cookies bleiben auf Ihrem Endger\u00e4t gespeichert, bis Sie diese l\u00f6schen. Sie erm\u00f6glichen es uns, Ihren Browser beim n\u00e4chsten Besuch wiederzuerkennen.<br>\u00a0<br>Wenn Sie dies nicht w\u00fcnschen, so k\u00f6nnen Sie Ihren Browser so einrichten, dass er Sie \u00fcber das Setzen von Cookies informiert und Sie dies nur im Einzelfall erlauben.<br>\u00a0<br>Bei der Deaktivierung von Cookies kann die Funktionalit\u00e4t unserer Website eingeschr\u00e4nkt sein.<br>\u00a0<br>Andere Webseiten<br>\u00a0<br>Es ist zu beachten, dass die gegenst\u00e4ndlichen Datenschutzrichtlinien nicht mehr gelten, wenn www.christian-leeb.at \u00fcber einen Link verlassen wird und eine andere Website aufgerufen wird. Das gilt insbesondere auch f\u00fcr solche Websites, zu denen ein Link auf www.christian-leeb.at vorhanden ist.<br>Facebook<br>\u00a0<br>Auf unseren Seiten sind Plugins des sozialen Netzwerks Facebook, Anbieter Facebook Inc., 1 Hacker Way, Menlo Park, California 94025, USA, integriert. Die Facebook-Plugins erkennen Sie an dem Facebook-Logo auf unserer Seite. Eine \u00dcbersicht \u00fcber die Facebook-Plugins finden Sie hier: http:\/\/developers.facebook.com\/docs\/plugins\/. Wenn Sie unsere Website besuchen, wird \u00fcber das Plugin eine direkte Verbindung zwischen Ihrem Browser und dem Facebook-Server hergestellt. Facebook erh\u00e4lt dadurch die Information, dass Sie mit Ihrer IP-Adresse unsere Seite besucht haben.<br>\u00a0<br>Wenn Sie den Facebook \u201eLike-Button\u201c anklicken w\u00e4hrend Sie in Ihrem Facebook-Account eingeloggt sind, k\u00f6nnen Sie die Inhalte unserer Seiten auf Ihrem Facebook-Profil verlinken. Dadurch kann Facebook den Besuch unserer Seiten Ihrem Benutzerkonto zuordnen. Wir weisen darauf hin, dass wir als Anbieter der Seite keine Kenntnis vom Inhalt der \u00fcbermittelten Daten sowie deren Nutzung durch Facebook erhalten. Bitte entnehmen Sie den Zweck und Umfang der Datenerhebung und die weitere Verarbeitung und Nutzung der Daten durch Facebook sowie Ihre diesbez\u00fcglichen Rechte und Einstellungsm\u00f6glichkeiten zum Schutz Ihrer Privatsph\u00e4re den Datenschutzhinweisen von Facebook: http:\/\/www.facebook.com\/policy.php.<br>\u00a0<br>Sollten Sie nicht w\u00fcnschen, dass Facebook den Besuch unserer Seiten Ihrem Facebook- Nutzerkonto zuordnen kann, loggen Sie sich bitte vor dem Besuch unserer Seiten aus Ihrem Facebook-Benutzerkonto aus. Alternativ k\u00f6nnen Sie das Laden der Facebook Plugins auch mit Add-Ons f\u00fcr Ihren Browser komplett verhindern, z.B. mit dem \u201eFacebook Blocker\u201c (<a href=\"http:\/\/webgraph.com\/resources\/facebookblocker\/\">http:\/\/webgraph.com\/resources\/facebookblocker\/<\/a>).<br>\u00a0<br>\u00a0<br>Speicherdauer \/ Fristen von L\u00f6schungen Ihrer Daten<br>\u00a0<br>Wir speichern Ihre Daten bis zu jenem Zeitpunkt, bis ein L\u00f6schungsverlangen bei uns einlangt. Ausgenommen davon sind Daten, die aus einem Vertragsverh\u00e4ltnis stammen, diese werden gem\u00e4\u00df den gesetzlichen Vorgaben (\u00a7132(1) BAO, \u00a7\u00a7190, 212 UGB, \u00a718(2) UStG) bis zum Ablauf des 7. Jahres nach ihrer Entstehung gespeichert.<br>Rechte<br>\u00a0<br>Ihnen stehen grunds\u00e4tzlich die Rechte auf Auskunft, Berichtigung, L\u00f6schung, Einschr\u00e4nkung, Daten\u00fcbertragbarkeit, Widerruf und Widerspruch zu. Wenn Sie glauben, dass die Verarbeitung Ihrer Daten gegen das Datenschutzrecht verst\u00f6\u00dft oder Ihre datenschutzrechtlichen Anspr\u00fcche sonst in einer Weise verletzt worden sind, k\u00f6nnen Sie sich bei der Aufsichtsbeh\u00f6rde beschweren. In \u00d6sterreich ist dies die Datenschutzbeh\u00f6rde.<br>Datenschutzbeauftragter \/ Kontakt<br>\u00a0<br>Die VP T\u00fcrnitz, Christian Leeb ist nicht in der Notwendigkeit einen Datenschutzbeauftragten zu benennen, da der Artikel 37, Absatz 1 der EU-DSGVO nichtzutreffend ist.<br>\u00a0<br>Um dennoch Ihr Recht auf Auskunft, Berichtigung, L\u00f6schung, Einschr\u00e4nkung, Daten\u00fcbertragbarkeit, Widerruf und Widerspruch wahrnehmen zu k\u00f6nnen, kontaktieren Sie uns unter der im Impessum angegebenen Adresse.<br>Datenschutzhinweis Version 2021\/09<br>\n<!-- \/wp:kubio\/text -->\n<!-- \/wp:kubio\/column -->\n<!-- \/wp:kubio\/row -->\n<!-- \/wp:kubio\/column -->\n<!-- \/wp:kubio\/row -->\n<!-- \/wp:kubio\/section -->","_et_gb_content_width":"","footnotes":""},"class_list":["post-334","page","type-page","status-publish","hentry"],"_links":{"self":[{"href":"https:\/\/christian-leeb.at\/index.php?rest_route=\/wp\/v2\/pages\/334","targetHints":{"allow":["GET"]}}],"collection":[{"href":"https:\/\/christian-leeb.at\/index.php?rest_route=\/wp\/v2\/pages"}],"about":[{"href":"https:\/\/christian-leeb.at\/index.php?rest_route=\/wp\/v2\/types\/page"}],"author":[{"embeddable":true,"href":"https:\/\/christian-leeb.at\/index.php?rest_route=\/wp\/v2\/users\/1"}],"replies":[{"embeddable":true,"href":"https:\/\/christian-leeb.at\/index.php?rest_route=%2Fwp%2Fv2%2Fcomments&post=334"}],"version-history":[{"count":3,"href":"https:\/\/christian-leeb.at\/index.php?rest_route=\/wp\/v2\/pages\/334\/revisions"}],"predecessor-version":[{"id":462,"href":"https:\/\/christian-leeb.at\/index.php?rest_route=\/wp\/v2\/pages\/334\/revisions\/462"}],"wp:attachment":[{"href":"https:\/\/christian-leeb.at\/index.php?rest_route=%2Fwp%2Fv2%2Fmedia&parent=334"}],"curies":[{"name":"wp","href":"https:\/\/api.w.org\/{rel}","templated":true}]}}